{"id":618,"date":"2025-10-01T12:21:01","date_gmt":"2025-10-01T12:21:01","guid":{"rendered":"https:\/\/sollera.org\/?page_id=618"},"modified":"2026-02-02T19:57:13","modified_gmt":"2026-02-02T19:57:13","slug":"nous-contacter","status":"publish","type":"page","link":"https:\/\/sollera.org\/fr\/contact-us\/","title":{"rendered":"Contactez-nous"},"content":{"rendered":"<div data-elementor-type=\"wp-page\" data-elementor-id=\"618\" class=\"elementor elementor-618\" data-elementor-post-type=\"page\">\n\t\t\t\t<div class=\"elementor-element elementor-element-4aa2d1a e-flex e-con-boxed e-con e-parent\" data-id=\"4aa2d1a\" data-element_type=\"container\" data-e-type=\"container\" data-settings=\"{&quot;background_background&quot;:&quot;classic&quot;}\">\n\t\t\t\t\t<div class=\"e-con-inner\">\n\t\t\t\t<div class=\"elementor-element elementor-element-e944fe9 elementor-widget elementor-widget-heading\" data-id=\"e944fe9\" data-element_type=\"widget\" data-e-type=\"widget\" data-widget_type=\"heading.default\">\n\t\t\t\t\t<h2 class=\"elementor-heading-title elementor-size-default\">Nous sommes l\u00e0. Comme vous avez besoin de nous.<\/h2>\t\t\t\t<\/div>\n\t\t\t\t<div class=\"elementor-element elementor-element-511f63e elementor-widget elementor-widget-text-editor\" data-id=\"511f63e\" data-element_type=\"widget\" data-e-type=\"widget\" data-widget_type=\"text-editor.default\">\n\t\t\t\t\t\t\t\t\t<p>Que vous cherchiez de l'aide, souhaitiez vous impliquer ou ayez une question \u2014 nous sommes l\u00e0 pour vous \u00e9couter.<\/p>\t\t\t\t\t\t\t\t<\/div>\n\t\t\t\t\t<\/div>\n\t\t\t\t<\/div>\n\t\t<div class=\"elementor-element elementor-element-9dde5ab e-grid e-con-boxed e-con e-parent\" data-id=\"9dde5ab\" data-element_type=\"container\" data-e-type=\"container\">\n\t\t\t\t\t<div class=\"e-con-inner\">\n\t\t<div class=\"elementor-element elementor-element-28f2dc6 e-con-full e-flex e-con e-child\" data-id=\"28f2dc6\" data-element_type=\"container\" data-e-type=\"container\" data-settings=\"{&quot;background_background&quot;:&quot;classic&quot;}\">\n\t\t<div class=\"elementor-element elementor-element-6a7eae2 e-con-full e-flex e-con e-child\" data-id=\"6a7eae2\" data-element_type=\"container\" data-e-type=\"container\">\n\t\t\t\t<div class=\"elementor-element elementor-element-adff0d8 elementor-widget__width-initial elementor-widget elementor-widget-heading\" data-id=\"adff0d8\" data-element_type=\"widget\" data-e-type=\"widget\" data-widget_type=\"heading.default\">\n\t\t\t\t\t<h4 class=\"elementor-heading-title elementor-size-default\">Soutien imm\u00e9diat<\/h4>\t\t\t\t<\/div>\n\t\t\t\t<div class=\"elementor-element elementor-element-8bf2bab elementor-widget__width-auto elementor-align-justify elementor-widget elementor-widget-button\" data-id=\"8bf2bab\" data-element_type=\"widget\" data-e-type=\"widget\" data-widget_type=\"button.default\">\n\t\t\t\t\t\t\t\t\t\t<a class=\"elementor-button elementor-size-sm\" role=\"button\">\n\t\t\t\t\t\t<span class=\"elementor-button-content-wrapper\">\n\t\t\t\t\t\t<span class=\"elementor-button-icon\">\n\t\t\t\t<svg aria-hidden=\"true\" class=\"e-font-icon-svg e-fas-phone\" viewbox=\"0 0 512 512\" xmlns=\"http:\/\/www.w3.org\/2000\/svg\"><path d=\"M493.4 24.6l-104-24c-11.3-2.6-22.9 3.3-27.5 13.9l-48 112c-4.2 9.8-1.4 21.3 6.9 28l60.6 49.6c-36 76.7-98.9 140.5-177.2 177.2l-49.6-60.6c-6.8-8.3-18.2-11.1-28-6.9l-112 48C3.9 366.5-2 378.1.6 389.4l24 104C27.1 504.2 36.7 512 48 512c256.1 0 464-207.5 464-464 0-11.2-7.7-20.9-18.6-23.4z\"><\/path><\/svg>\t\t\t<\/span>\n\t\t\t\t\t\t\t\t\t<span class=\"elementor-button-text\">En cas d'urgence, composez toujours le 911.<\/span>\n\t\t\t\t\t<\/span>\n\t\t\t\t\t<\/a>\n\t\t\t\t\t\t\t\t<\/div>\n\t\t\t\t<\/div>\n\t\t\t\t<div class=\"elementor-element elementor-element-b7983de elementor-widget elementor-widget-text-editor\" data-id=\"b7983de\" data-element_type=\"widget\" data-e-type=\"widget\" data-widget_type=\"text-editor.default\">\n\t\t\t\t\t\t\t\t\t<p>Si vous avez besoin d'aide imm\u00e9diate ou si vous \u00eates en crise :<\/p><p>Appelez notre ligne d'urgence disponible 24h\/24 et 7j\/7 au (701) 293-7273<\/p><p>Cette ligne est toujours gratuite, confidentielle et r\u00e9pondue par des d\u00e9fenseurs form\u00e9s.<\/p>\t\t\t\t\t\t\t\t<\/div>\n\t\t\t\t<div class=\"elementor-element elementor-element-3975448 elementor-widget elementor-widget-text-editor\" data-id=\"3975448\" data-element_type=\"widget\" data-e-type=\"widget\" data-widget_type=\"text-editor.default\">\n\t\t\t\t\t\t\t\t\t<p><strong>T\u00e9l\u00e9phone :<\/strong> (701) 293-7273<br \/><strong>E-mail (demandes g\u00e9n\u00e9rales)<\/strong> info@sollera.org<br \/><strong>Adresse :<\/strong> Sollera, 317 8th St North. Fargo, ND 58102<br \/><strong>Heures :<\/strong> Lundi\u2013Vendredi : 8h\u201317h<br \/>Bienvenue sans rendez-vous<\/p><p>Les courriels sont trait\u00e9s dans les plus brefs d\u00e9lais. Pour une aide imm\u00e9diate, veuillez appeler la ligne d'assistance t\u00e9l\u00e9phonique en cas de crise.<\/p>\t\t\t\t\t\t\t\t<\/div>\n\t\t\t\t<\/div>\n\t\t<div class=\"elementor-element elementor-element-8694ce3 e-con-full e-flex e-con e-child\" data-id=\"8694ce3\" data-element_type=\"container\" data-e-type=\"container\" data-settings=\"{&quot;background_background&quot;:&quot;classic&quot;}\">\n\t\t\t\t<div class=\"elementor-element elementor-element-b925970 elementor-widget elementor-widget-heading\" data-id=\"b925970\" data-element_type=\"widget\" data-e-type=\"widget\" data-widget_type=\"heading.default\">\n\t\t\t\t\t<h4 class=\"elementor-heading-title elementor-size-default\">Soutien suppl\u00e9mentaire<\/h4>\t\t\t\t<\/div>\n\t\t\t\t<div class=\"elementor-element elementor-element-ff93694 elementor-widget elementor-widget-text-editor\" data-id=\"ff93694\" data-element_type=\"widget\" data-e-type=\"widget\" data-widget_type=\"text-editor.default\">\n\t\t\t\t\t\t\t\t\t<p>Ligne d'aide nationale :<br \/>La violence domestique\u00a0<span style=\"text-decoration: underline;\"><a href=\"tel:+18007997233\" target=\"_blank\" rel=\"noopener\" data-fpl-component=\"primitive\">800-799-S\u00c9CURIT\u00c9<\/a><\/span><br \/>Agression sexuelle :\u00a0<span style=\"text-decoration: underline;\"><a href=\"tel:+18003942255\" target=\"_blank\" rel=\"noopener\" data-fpl-component=\"primitive\">800-FYI-APPEL (394-2255)<\/a><\/span><\/p>\t\t\t\t\t\t\t\t<\/div>\n\t\t\t\t<\/div>\n\t\t\t\t\t<\/div>\n\t\t\t\t<\/div>\n\t\t<div class=\"elementor-element elementor-element-aa11162 e-flex e-con-boxed e-con e-parent\" data-id=\"aa11162\" data-element_type=\"container\" data-e-type=\"container\">\n\t\t\t\t\t<div class=\"e-con-inner\">\n\t\t\t\t<div class=\"elementor-element elementor-element-0a193be elementor-widget elementor-widget-heading\" data-id=\"0a193be\" data-element_type=\"widget\" data-e-type=\"widget\" data-widget_type=\"heading.default\">\n\t\t\t\t\t<h2 class=\"elementor-heading-title elementor-size-default\">Formulaire de contact<\/h2>\t\t\t\t<\/div>\n\t\t\t\t<div class=\"elementor-element elementor-element-89950e5 elementor-widget elementor-widget-text-editor\" data-id=\"89950e5\" data-element_type=\"widget\" data-e-type=\"widget\" data-widget_type=\"text-editor.default\">\n\t\t\t\t\t\t\t\t\t<p>Pour les questions g\u00e9n\u00e9rales, les demandes de partenariat ou les demandes des m\u00e9dias, utilisez le formulaire ci-dessous.<br \/>Veuillez ne pas inclure de d\u00e9tails personnels relatifs \u00e0 une agression ou \u00e0 une exp\u00e9rience d'abus\u2014appelez notre ligne d'assistance en cas de crise pour obtenir un soutien confidentiel.<\/p>\t\t\t\t\t\t\t\t<\/div>\n\t\t\t\t<div class=\"elementor-element elementor-element-8d57d0e form-light elementor-widget elementor-widget-shortcode\" data-id=\"8d57d0e\" data-element_type=\"widget\" data-e-type=\"widget\" data-widget_type=\"shortcode.default\">\n\t\t\t\t\t\t\t<div class=\"elementor-shortcode\"><form id=\"forminator-module-820\" class=\"forminator-custom-form forminator-custom-form-820\" method=\"post\" data-forminator-render=\"0\" data-uid=\"69f7594074681\" action=\"\"><div role=\"alert\" aria-live=\"polite\" class=\"forminator-response-message forminator-error\" aria-hidden=\"true\"><\/div><input type=\"hidden\" name=\"trp-form-language\" value=\"fr\"\/><\/form><\/div>\n\t\t\t\t\t\t<\/div>\n\t\t\t\t\t<\/div>\n\t\t\t\t<\/div>\n\t\t<div class=\"elementor-element elementor-element-fbb79e1 e-flex e-con-boxed e-con e-parent\" data-id=\"fbb79e1\" data-element_type=\"container\" data-e-type=\"container\">\n\t\t\t\t\t<div class=\"e-con-inner\">\n\t\t\t\t<div class=\"elementor-element elementor-element-83d8e99 elementor-widget elementor-widget-google_maps\" data-id=\"83d8e99\" data-element_type=\"widget\" data-e-type=\"widget\" data-widget_type=\"google_maps.default\">\n\t\t\t\t\t\t\t<div class=\"elementor-custom-embed\">\n\t\t\t<iframe\n\t\t\t\t\tdata-src=\"https:\/\/maps.google.com\/maps?q=Update%20Map%20to%20Rape%20and%20Abuse%20Crisis%20Center%20317%208th%20St%20North%20Fargo%2C%20ND%2058102&#038;t=m&#038;z=10&#038;output=embed&#038;iwloc=near\"\n\t\t\t\t\ttitle=\"Mise \u00e0 jour Carte du Centre de crise contre le viol et les abus 317 8th St North Fargo, ND 58102\"\n\t\t\t\t\taria-label=\"Mise \u00e0 jour Carte du Centre de crise contre le viol et les abus 317 8th St North Fargo, ND 58102\"\n\t\t\t src=\"data:image\/svg+xml;base64,PHN2ZyB3aWR0aD0iMSIgaGVpZ2h0PSIxIiB4bWxucz0iaHR0cDovL3d3dy53My5vcmcvMjAwMC9zdmciPjwvc3ZnPg==\" class=\"lazyload\" data-load-mode=\"1\"><\/iframe>\n\t\t<\/div>\n\t\t\t\t\t\t<\/div>\n\t\t\t\t\t<\/div>\n\t\t\t\t<\/div>\n\t\t\t\t<\/div>","protected":false},"excerpt":{"rendered":"<p>We\u2019re here. However you need us. Whether you\u2019re reaching out for help, want to get involved, or have a question \u2014 we\u2019re ready to listen. Immediate Support In an emergency, always call 911. If you need immediate help or are in crisis: Call our 24\/7 Crisis Line at (701) 293-7273 This line is always free, [&hellip;]<\/p>\n","protected":false},"author":1,"featured_media":0,"parent":0,"menu_order":0,"comment_status":"closed","ping_status":"closed","template":"","meta":{"_acf_changed":false,"footnotes":""},"class_list":["post-618","page","type-page","status-publish","hentry"],"acf":[],"_links":{"self":[{"href":"https:\/\/sollera.org\/fr\/wp-json\/wp\/v2\/pages\/618","targetHints":{"allow":["GET"]}}],"collection":[{"href":"https:\/\/sollera.org\/fr\/wp-json\/wp\/v2\/pages"}],"about":[{"href":"https:\/\/sollera.org\/fr\/wp-json\/wp\/v2\/types\/page"}],"author":[{"embeddable":true,"href":"https:\/\/sollera.org\/fr\/wp-json\/wp\/v2\/users\/1"}],"replies":[{"embeddable":true,"href":"https:\/\/sollera.org\/fr\/wp-json\/wp\/v2\/comments?post=618"}],"version-history":[{"count":0,"href":"https:\/\/sollera.org\/fr\/wp-json\/wp\/v2\/pages\/618\/revisions"}],"wp:attachment":[{"href":"https:\/\/sollera.org\/fr\/wp-json\/wp\/v2\/media?parent=618"}],"curies":[{"name":"wp","href":"https:\/\/api.w.org\/{rel}","templated":true}]}}