{"id":2440,"date":"2025-12-13T04:30:46","date_gmt":"2025-12-13T04:30:46","guid":{"rendered":"https:\/\/sollera.org\/?page_id=2440"},"modified":"2025-12-13T04:31:13","modified_gmt":"2025-12-13T04:31:13","slug":"podesavanja-kolacica","status":"publish","type":"page","link":"https:\/\/sollera.org\/bs\/cookies-settings\/","title":{"rendered":"Postavke kola\u010di\u0107a"},"content":{"rendered":"<div data-elementor-type=\"wp-page\" data-elementor-id=\"2440\" class=\"elementor elementor-2440\" data-elementor-post-type=\"page\">\n\t\t\t\t<div class=\"elementor-element elementor-element-3a51434 e-flex e-con-boxed e-con e-parent\" data-id=\"3a51434\" data-element_type=\"container\" data-e-type=\"container\" data-settings=\"{&quot;background_background&quot;:&quot;classic&quot;}\">\n\t\t\t\t\t<div class=\"e-con-inner\">\n\t\t\t\t\t<\/div>\n\t\t\t\t<\/div>\n\t\t<div class=\"elementor-element elementor-element-701b5fc e-flex e-con-boxed e-con e-parent\" data-id=\"701b5fc\" data-element_type=\"container\" data-e-type=\"container\">\n\t\t\t\t\t<div class=\"e-con-inner\">\n\t\t\t\t<div class=\"elementor-element elementor-element-fd27ede elementor-widget elementor-widget-text-editor\" data-id=\"fd27ede\" data-element_type=\"widget\" data-e-type=\"widget\" data-widget_type=\"text-editor.default\">\n\t\t\t\t\t\t\t\t\t\n<h2 class=\"wp-block-heading\">Ko smo mi<\/h2>\n\n\n<p><strong class=\"privacy-policy-tutorial\">Predlo\u017eeni tekst: <\/strong>Adresa na\u0161e web stranice je: https:\/\/sollera.org.<\/p>\n\n\n<h2 class=\"wp-block-heading\">Komentari<\/h2>\n\n\n<p><strong class=\"privacy-policy-tutorial\">Predlo\u017eeni tekst: <\/strong>Kada posjetioci ostavljaju komentare na sajtu, prikupljamo podatke prikazane u obrascu za komentare, kao i IP adresu posjetioca i string korisni\u010dkog agenta preglednika kako bismo pomogli u otkrivanju spama.<\/p>\n\n\n<p>Anonimizirani niz kreiran iz va\u0161e e-mail adrese (tako\u0111er nazvan hash) mo\u017ee biti dostavljen Gravatar servisu kako bi se provjerilo koristite li ga. Politika privatnosti Gravatar servisa dostupna je ovdje: https:\/\/automattic.com\/privacy\/. Nakon odobrenja va\u0161eg komentara, va\u0161a profilna slika je vidljiva javnosti u kontekstu va\u0161eg komentara.<\/p>\n\n\n<h2 class=\"wp-block-heading\">Mediji<\/h2>\n\n\n<p><strong class=\"privacy-policy-tutorial\">Predlo\u017eeni tekst: <\/strong>Ako na web stranicu postavljate slike, trebali biste izbjegavati slike sa ugra\u0111enim podacima o lokaciji (EXIF GPS). Posjetioci web stranice mogu preuzeti i izdvojiti sve podatke o lokaciji iz slika na web stranici.<\/p>\n\n\n<h2 class=\"wp-block-heading\">Kola\u010di\u0107i<\/h2>\n\n\n<p><strong class=\"privacy-policy-tutorial\">Predlo\u017eeni tekst: <\/strong>Ako ostavite komentar na na\u0161oj stranici, mo\u017eete odabrati spremanje svog imena, adrese e-po\u0161te i web-stranice u kola\u010di\u0107e. Oni su tu radi va\u0161e udobnosti kako ne biste morali ponovo unositi svoje podatke kada ostavljate drugi komentar. Ovi kola\u010di\u0107i traju godinu dana.<\/p>\n\n\n<p>Ako posjetite na\u0161u stranicu za prijavu, postavit \u0107emo privremeni kola\u010di\u0107 kako bismo utvrdili prihvata li va\u0161 preglednik kola\u010di\u0107e. Ovaj kola\u010di\u0107 ne sadr\u017ei li\u010dne podatke i bri\u0161e se kada zatvorite preglednik.<\/p>\n\n\n<p>Kada se prijavite, tako\u0111er \u0107emo postaviti nekoliko kola\u010di\u0107a za pohranu va\u0161ih podataka za prijavu i odabira prikaza ekrana. Kola\u010di\u0107i za prijavu traju dva dana, a kola\u010di\u0107i za opcije ekrana traju godinu dana. Ako odaberete \"Zapamti me\", va\u0161a prijava \u0107e trajati dvije sedmice. Ako se odjavite sa svog ra\u010duna, kola\u010di\u0107i za prijavu \u0107e biti uklonjeni.<\/p>\n\n\n<p>Ako ure\u0111ujete ili objavljujete \u010dlanak, u va\u0161em pregledniku \u0107e biti sa\u010duvan dodatni kola\u010di\u0107. Ovaj kola\u010di\u0107 ne sadr\u017ei li\u010dne podatke i jednostavno ozna\u010dava ID objave \u010dlanka koji ste upravo uredili. Isti\u010de nakon 1 dana.<\/p>\n\n\n<h2 class=\"wp-block-heading\">Ugra\u0111eni sadr\u017eaj sa drugih web stranica<\/h2>\n\n\n<p><strong class=\"privacy-policy-tutorial\">Predlo\u017eeni tekst: <\/strong>\u010clanci na ovoj stranici mogu sadr\u017eavati ugra\u0111eni sadr\u017eaj (npr. videozapise, slike, \u010dlanke itd.). Ugra\u0111eni sadr\u017eaj s drugih web-stranica pona\u0161a se na potpuno isti na\u010din kao da je posjetitelj posjetio tu drugu web-stranicu.<\/p>\n\n\n<p>Ove web stranice mogu prikupljati podatke o vama, koristiti kola\u010di\u0107e, ugra\u0111ivati dodatno pra\u0107enje tre\u0107ih strana i pratiti va\u0161u interakciju s tim ugra\u0111enim sadr\u017eajem, uklju\u010duju\u0107i pra\u0107enje va\u0161e interakcije s ugra\u0111enim sadr\u017eajem ako imate ra\u010dun i prijavljeni ste na tu web stranicu.<\/p>\n\n\n<h2 class=\"wp-block-heading\">S kim dijelimo va\u0161e podatke<\/h2>\n\n\n<p><strong class=\"privacy-policy-tutorial\">Predlo\u017eeni tekst: <\/strong>Ako zatra\u017eite resetovanje lozinke, va\u0161a IP adresa \u0107e biti uklju\u010dena u e-poruku za resetovanje.<\/p>\n\n\n<h2 class=\"wp-block-heading\">Koliko dugo \u010duvamo va\u0161e podatke<\/h2>\n\n\n<p><strong class=\"privacy-policy-tutorial\">Predlo\u017eeni tekst: <\/strong>Ako ostavite komentar, komentar i njegove metapodatke \u010duvaju se neograni\u010deno. Ovo je kako bismo mogli automatski prepoznati i odobriti sve naknadne komentare umjesto da ih dr\u017eimo u redu za moderaciju.<\/p>\n\n\n<p>Za korisnike koji se registruju na na\u0161oj web stranici (ako ih ima), tako\u0111er pohranjujemo li\u010dne podatke koje navedu u svom korisni\u010dkom profilu. Svi korisnici mogu u bilo kojem trenutku vidjeti, ure\u0111ivati ili izbrisati svoje li\u010dne podatke (osim \u0161to ne mogu promijeniti svoje korisni\u010dko ime). Administratori web stranice tako\u0111er mogu vidjeti i ure\u0111ivati te podatke.<\/p>\n\n\n<h2 class=\"wp-block-heading\">Koja prava imate nad svojim podacima<\/h2>\n\n\n<p><strong class=\"privacy-policy-tutorial\">Predlo\u017eeni tekst: <\/strong>Ako imate ra\u010dun na ovoj stranici ili ste ostavili komentare, mo\u017eete zatra\u017eiti da vam dostavimo izvezan fajl s li\u010dnim podacima koje o vama \u010duvamo, uklju\u010duju\u0107i sve podatke koje ste nam dostavili. Tako\u0111er mo\u017eete zatra\u017eiti da izbri\u0161emo sve li\u010dne podatke koje o vama \u010duvamo. Ovo ne uklju\u010duje podatke koje smo obavezni \u010duvati iz administrativnih, pravnih ili sigurnosnih razloga.<\/p>\n\n\n<h2 class=\"wp-block-heading\">Gdje se \u0161alju va\u0161i podaci<\/h2>\n\n\n<p><strong class=\"privacy-policy-tutorial\">Predlo\u017eeni tekst: <\/strong>Komentari posjetilaca mogu biti provjereni putem automatizovane usluge za otkrivanje spama.<\/p>\n\n\t\t\t\t\t\t\t\t<\/div>\n\t\t\t\t\t<\/div>\n\t\t\t\t<\/div>\n\t\t\t\t<\/div>","protected":false},"excerpt":{"rendered":"<p>Who we are Suggested text: Our website address is: https:\/\/sollera.org. Comments Suggested text: When visitors leave comments on the site we collect the data shown in the comments form, and also the visitor&#8217;s IP address and browser user agent string to help spam detection. An anonymized string created from your email address (also called a [&hellip;]<\/p>\n","protected":false},"author":3,"featured_media":0,"parent":0,"menu_order":0,"comment_status":"closed","ping_status":"closed","template":"elementor_header_footer","meta":{"_acf_changed":false,"footnotes":""},"class_list":["post-2440","page","type-page","status-publish","hentry"],"acf":[],"_links":{"self":[{"href":"https:\/\/sollera.org\/bs\/wp-json\/wp\/v2\/pages\/2440","targetHints":{"allow":["GET"]}}],"collection":[{"href":"https:\/\/sollera.org\/bs\/wp-json\/wp\/v2\/pages"}],"about":[{"href":"https:\/\/sollera.org\/bs\/wp-json\/wp\/v2\/types\/page"}],"author":[{"embeddable":true,"href":"https:\/\/sollera.org\/bs\/wp-json\/wp\/v2\/users\/3"}],"replies":[{"embeddable":true,"href":"https:\/\/sollera.org\/bs\/wp-json\/wp\/v2\/comments?post=2440"}],"version-history":[{"count":0,"href":"https:\/\/sollera.org\/bs\/wp-json\/wp\/v2\/pages\/2440\/revisions"}],"wp:attachment":[{"href":"https:\/\/sollera.org\/bs\/wp-json\/wp\/v2\/media?parent=2440"}],"curies":[{"name":"wp","href":"https:\/\/api.w.org\/{rel}","templated":true}]}}